{"id":2,"date":"2023-07-11T12:35:15","date_gmt":"2023-07-11T15:35:15","guid":{"rendered":"http:\/\/premiumgasdf.com.br\/?page_id=2"},"modified":"2023-09-18T16:03:29","modified_gmt":"2023-09-18T19:03:29","slug":"pagina-exemplo","status":"publish","type":"page","link":"https:\/\/premiumgasdf.com.br\/","title":{"rendered":"Premium g\u00e1s"},"content":{"rendered":"\t\t<div data-elementor-type=\"wp-page\" data-elementor-id=\"2\" class=\"elementor elementor-2\" data-elementor-post-type=\"page\">\n\t\t\t\t\t\t\t<div class=\"elementor-element elementor-element-c21d5eb e-flex e-con-boxed e-con\" data-id=\"c21d5eb\" data-element_type=\"container\" data-settings=\"{&quot;background_background&quot;:&quot;classic&quot;,&quot;content_width&quot;:&quot;boxed&quot;}\">\n\t\t\t\t\t<div class=\"e-con-inner\">\n\t\t\t\t<div class=\"elementor-element elementor-element-8da82f9 elementor-widget elementor-widget-image\" data-id=\"8da82f9\" data-element_type=\"widget\" data-widget_type=\"image.default\">\n\t\t\t\t<div class=\"elementor-widget-container\">\n\t\t\t<style>\/*! elementor - v3.15.0 - 20-08-2023 *\/\n.elementor-widget-image{text-align:center}.elementor-widget-image a{display:inline-block}.elementor-widget-image a img[src$=\".svg\"]{width:48px}.elementor-widget-image img{vertical-align:middle;display:inline-block}<\/style>\t\t\t\t\t\t\t\t\t\t\t\t<img loading=\"lazy\" decoding=\"async\" width=\"349\" height=\"69\" src=\"https:\/\/premiumgasdf.com.br\/wp-content\/uploads\/2023\/09\/LOGO-Final-copy.webp\" class=\"attachment-full size-full wp-image-37\" alt=\"\" srcset=\"https:\/\/premiumgasdf.com.br\/wp-content\/uploads\/2023\/09\/LOGO-Final-copy.webp 349w, https:\/\/premiumgasdf.com.br\/wp-content\/uploads\/2023\/09\/LOGO-Final-copy-300x59.webp 300w\" sizes=\"auto, (max-width: 349px) 100vw, 349px\" \/>\t\t\t\t\t\t\t\t\t\t\t\t\t\t\t<\/div>\n\t\t\t\t<\/div>\n\t\t\t\t<div class=\"elementor-element elementor-element-822ae06 elementor-align-center elementor-widget elementor-widget-button\" data-id=\"822ae06\" data-element_type=\"widget\" data-widget_type=\"button.default\">\n\t\t\t\t<div class=\"elementor-widget-container\">\n\t\t\t\t\t<div class=\"elementor-button-wrapper\">\n\t\t\t<a class=\"elementor-button elementor-button-link elementor-size-sm\" href=\"https:\/\/wa.link\/09xlyv\">\n\t\t\t\t\t\t<span class=\"elementor-button-content-wrapper\">\n\t\t\t\t\t\t<span class=\"elementor-button-icon elementor-align-icon-left\">\n\t\t\t\t<i aria-hidden=\"true\" class=\"fab fa-whatsapp\"><\/i>\t\t\t<\/span>\n\t\t\t\t\t\t<span class=\"elementor-button-text\">Fa\u00e7a seu pedido<\/span>\n\t\t<\/span>\n\t\t\t\t\t<\/a>\n\t\t<\/div>\n\t\t\t\t<\/div>\n\t\t\t\t<\/div>\n\t\t\t\t\t<\/div>\n\t\t\t\t<\/div>\n\t\t<div class=\"elementor-element elementor-element-8aea2c7 e-flex e-con-boxed e-con\" data-id=\"8aea2c7\" data-element_type=\"container\" data-settings=\"{&quot;background_background&quot;:&quot;classic&quot;,&quot;content_width&quot;:&quot;boxed&quot;}\">\n\t\t\t\t\t<div class=\"e-con-inner\">\n\t\t\t\t<div class=\"elementor-element elementor-element-f341bc3 elementor-widget__width-inherit elementor-widget elementor-widget-heading\" data-id=\"f341bc3\" data-element_type=\"widget\" data-widget_type=\"heading.default\">\n\t\t\t\t<div class=\"elementor-widget-container\">\n\t\t\t<style>\/*! elementor - v3.15.0 - 20-08-2023 *\/\n.elementor-heading-title{padding:0;margin:0;line-height:1}.elementor-widget-heading .elementor-heading-title[class*=elementor-size-]>a{color:inherit;font-size:inherit;line-height:inherit}.elementor-widget-heading .elementor-heading-title.elementor-size-small{font-size:15px}.elementor-widget-heading .elementor-heading-title.elementor-size-medium{font-size:19px}.elementor-widget-heading .elementor-heading-title.elementor-size-large{font-size:29px}.elementor-widget-heading .elementor-heading-title.elementor-size-xl{font-size:39px}.elementor-widget-heading .elementor-heading-title.elementor-size-xxl{font-size:59px}<\/style><h2 class=\"elementor-heading-title elementor-size-default\">Localidades<\/h2>\t\t<\/div>\n\t\t\t\t<\/div>\n\t\t\t\t<div class=\"elementor-element elementor-element-a6af928 elementor-widget__width-initial elementor-widget-mobile__width-initial elementor-widget elementor-widget-image\" data-id=\"a6af928\" data-element_type=\"widget\" data-widget_type=\"image.default\">\n\t\t\t\t<div class=\"elementor-widget-container\">\n\t\t\t\t\t\t\t\t\t\t\t\t\t\t\t<img loading=\"lazy\" decoding=\"async\" width=\"191\" height=\"317\" src=\"https:\/\/premiumgasdf.com.br\/wp-content\/uploads\/2023\/09\/LagoNorte-copy.webp\" class=\"attachment-large size-large wp-image-27\" alt=\"\" srcset=\"https:\/\/premiumgasdf.com.br\/wp-content\/uploads\/2023\/09\/LagoNorte-copy.webp 191w, https:\/\/premiumgasdf.com.br\/wp-content\/uploads\/2023\/09\/LagoNorte-copy-181x300.webp 181w\" sizes=\"auto, (max-width: 191px) 100vw, 191px\" \/>\t\t\t\t\t\t\t\t\t\t\t\t\t\t\t<\/div>\n\t\t\t\t<\/div>\n\t\t\t\t<div class=\"elementor-element elementor-element-fa1588e elementor-widget__width-initial elementor-widget elementor-widget-image\" data-id=\"fa1588e\" data-element_type=\"widget\" data-widget_type=\"image.default\">\n\t\t\t\t<div class=\"elementor-widget-container\">\n\t\t\t\t\t\t\t\t\t\t\t\t\t\t\t<img loading=\"lazy\" decoding=\"async\" width=\"191\" height=\"317\" src=\"https:\/\/premiumgasdf.com.br\/wp-content\/uploads\/2023\/09\/Noroeste-copy.webp\" class=\"attachment-large size-large wp-image-28\" alt=\"\" srcset=\"https:\/\/premiumgasdf.com.br\/wp-content\/uploads\/2023\/09\/Noroeste-copy.webp 191w, https:\/\/premiumgasdf.com.br\/wp-content\/uploads\/2023\/09\/Noroeste-copy-181x300.webp 181w\" sizes=\"auto, (max-width: 191px) 100vw, 191px\" \/>\t\t\t\t\t\t\t\t\t\t\t\t\t\t\t<\/div>\n\t\t\t\t<\/div>\n\t\t\t\t<div class=\"elementor-element elementor-element-5b7c215 elementor-widget__width-initial elementor-widget elementor-widget-image\" data-id=\"5b7c215\" data-element_type=\"widget\" data-widget_type=\"image.default\">\n\t\t\t\t<div class=\"elementor-widget-container\">\n\t\t\t\t\t\t\t\t\t\t\t\t\t\t\t<img loading=\"lazy\" decoding=\"async\" width=\"191\" height=\"317\" src=\"https:\/\/premiumgasdf.com.br\/wp-content\/uploads\/2023\/09\/AsaSul-copy.webp\" class=\"attachment-large size-large wp-image-26\" alt=\"\" srcset=\"https:\/\/premiumgasdf.com.br\/wp-content\/uploads\/2023\/09\/AsaSul-copy.webp 191w, https:\/\/premiumgasdf.com.br\/wp-content\/uploads\/2023\/09\/AsaSul-copy-181x300.webp 181w\" sizes=\"auto, (max-width: 191px) 100vw, 191px\" \/>\t\t\t\t\t\t\t\t\t\t\t\t\t\t\t<\/div>\n\t\t\t\t<\/div>\n\t\t\t\t<div class=\"elementor-element elementor-element-3a91304 elementor-widget__width-initial elementor-widget elementor-widget-image\" data-id=\"3a91304\" data-element_type=\"widget\" data-widget_type=\"image.default\">\n\t\t\t\t<div class=\"elementor-widget-container\">\n\t\t\t\t\t\t\t\t\t\t\t\t\t\t\t<img loading=\"lazy\" decoding=\"async\" width=\"191\" height=\"317\" src=\"https:\/\/premiumgasdf.com.br\/wp-content\/uploads\/2023\/09\/AsaNorte-copy.webp\" class=\"attachment-large size-large wp-image-25\" alt=\"\" srcset=\"https:\/\/premiumgasdf.com.br\/wp-content\/uploads\/2023\/09\/AsaNorte-copy.webp 191w, https:\/\/premiumgasdf.com.br\/wp-content\/uploads\/2023\/09\/AsaNorte-copy-181x300.webp 181w\" sizes=\"auto, (max-width: 191px) 100vw, 191px\" \/>\t\t\t\t\t\t\t\t\t\t\t\t\t\t\t<\/div>\n\t\t\t\t<\/div>\n\t\t\t\t<div class=\"elementor-element elementor-element-2ac1dee elementor-widget__width-initial elementor-widget elementor-widget-image\" data-id=\"2ac1dee\" data-element_type=\"widget\" data-widget_type=\"image.default\">\n\t\t\t\t<div class=\"elementor-widget-container\">\n\t\t\t\t\t\t\t\t\t\t\t\t\t\t\t<img loading=\"lazy\" decoding=\"async\" width=\"191\" height=\"317\" src=\"https:\/\/premiumgasdf.com.br\/wp-content\/uploads\/2023\/09\/Varjao-copy.webp\" class=\"attachment-large size-large wp-image-29\" alt=\"\" srcset=\"https:\/\/premiumgasdf.com.br\/wp-content\/uploads\/2023\/09\/Varjao-copy.webp 191w, https:\/\/premiumgasdf.com.br\/wp-content\/uploads\/2023\/09\/Varjao-copy-181x300.webp 181w\" sizes=\"auto, (max-width: 191px) 100vw, 191px\" \/>\t\t\t\t\t\t\t\t\t\t\t\t\t\t\t<\/div>\n\t\t\t\t<\/div>\n\t\t\t\t<div class=\"elementor-element elementor-element-df5676c elementor-align-center elementor-widget__width-inherit elementor-widget elementor-widget-button\" data-id=\"df5676c\" data-element_type=\"widget\" data-widget_type=\"button.default\">\n\t\t\t\t<div class=\"elementor-widget-container\">\n\t\t\t\t\t<div class=\"elementor-button-wrapper\">\n\t\t\t<a class=\"elementor-button elementor-button-link elementor-size-sm\" href=\"https:\/\/wa.link\/09xlyv\">\n\t\t\t\t\t\t<span class=\"elementor-button-content-wrapper\">\n\t\t\t\t\t\t<span class=\"elementor-button-icon elementor-align-icon-left\">\n\t\t\t\t<i aria-hidden=\"true\" class=\"fab fa-whatsapp\"><\/i>\t\t\t<\/span>\n\t\t\t\t\t\t<span class=\"elementor-button-text\">Fa\u00e7a seu pedido<\/span>\n\t\t<\/span>\n\t\t\t\t\t<\/a>\n\t\t<\/div>\n\t\t\t\t<\/div>\n\t\t\t\t<\/div>\n\t\t\t\t\t<\/div>\n\t\t\t\t<\/div>\n\t\t<div class=\"elementor-element elementor-element-7dfe01d e-flex e-con-boxed e-con\" data-id=\"7dfe01d\" data-element_type=\"container\" data-settings=\"{&quot;content_width&quot;:&quot;boxed&quot;}\">\n\t\t\t\t\t<div class=\"e-con-inner\">\n\t\t\t\t<div class=\"elementor-element elementor-element-54252f3 elementor-widget__width-inherit elementor-widget elementor-widget-heading\" data-id=\"54252f3\" data-element_type=\"widget\" data-widget_type=\"heading.default\">\n\t\t\t\t<div class=\"elementor-widget-container\">\n\t\t\t<h2 class=\"elementor-heading-title elementor-size-default\">Produtos<\/h2>\t\t<\/div>\n\t\t\t\t<\/div>\n\t\t\t\t<div class=\"elementor-element elementor-element-561042b elementor-widget__width-initial elementor-widget elementor-widget-image\" data-id=\"561042b\" data-element_type=\"widget\" data-widget_type=\"image.default\">\n\t\t\t\t<div class=\"elementor-widget-container\">\n\t\t\t\t\t\t\t\t\t\t\t\t\t\t\t<img loading=\"lazy\" decoding=\"async\" width=\"262\" height=\"317\" src=\"https:\/\/premiumgasdf.com.br\/wp-content\/uploads\/2023\/09\/AguaMineral-copy.webp\" class=\"attachment-large size-large wp-image-31\" alt=\"\" srcset=\"https:\/\/premiumgasdf.com.br\/wp-content\/uploads\/2023\/09\/AguaMineral-copy.webp 262w, https:\/\/premiumgasdf.com.br\/wp-content\/uploads\/2023\/09\/AguaMineral-copy-248x300.webp 248w\" sizes=\"auto, (max-width: 262px) 100vw, 262px\" \/>\t\t\t\t\t\t\t\t\t\t\t\t\t\t\t<\/div>\n\t\t\t\t<\/div>\n\t\t\t\t<div class=\"elementor-element elementor-element-573caa6 elementor-widget__width-initial elementor-widget elementor-widget-image\" data-id=\"573caa6\" data-element_type=\"widget\" data-widget_type=\"image.default\">\n\t\t\t\t<div class=\"elementor-widget-container\">\n\t\t\t\t\t\t\t\t\t\t\t\t\t\t\t<img loading=\"lazy\" decoding=\"async\" width=\"262\" height=\"317\" src=\"https:\/\/premiumgasdf.com.br\/wp-content\/uploads\/2023\/09\/GasdeCozinha-copy.webp\" class=\"attachment-large size-large wp-image-36\" alt=\"\" srcset=\"https:\/\/premiumgasdf.com.br\/wp-content\/uploads\/2023\/09\/GasdeCozinha-copy.webp 262w, https:\/\/premiumgasdf.com.br\/wp-content\/uploads\/2023\/09\/GasdeCozinha-copy-248x300.webp 248w\" sizes=\"auto, (max-width: 262px) 100vw, 262px\" \/>\t\t\t\t\t\t\t\t\t\t\t\t\t\t\t<\/div>\n\t\t\t\t<\/div>\n\t\t\t\t<div class=\"elementor-element elementor-element-8aa3f8a elementor-widget__width-initial elementor-widget elementor-widget-image\" data-id=\"8aa3f8a\" data-element_type=\"widget\" data-widget_type=\"image.default\">\n\t\t\t\t<div class=\"elementor-widget-container\">\n\t\t\t\t\t\t\t\t\t\t\t\t\t\t\t<img loading=\"lazy\" decoding=\"async\" width=\"262\" height=\"317\" src=\"https:\/\/premiumgasdf.com.br\/wp-content\/uploads\/2023\/09\/Gas8kg-copy.webp\" class=\"attachment-large size-large wp-image-33\" alt=\"\" srcset=\"https:\/\/premiumgasdf.com.br\/wp-content\/uploads\/2023\/09\/Gas8kg-copy.webp 262w, https:\/\/premiumgasdf.com.br\/wp-content\/uploads\/2023\/09\/Gas8kg-copy-248x300.webp 248w\" sizes=\"auto, (max-width: 262px) 100vw, 262px\" \/>\t\t\t\t\t\t\t\t\t\t\t\t\t\t\t<\/div>\n\t\t\t\t<\/div>\n\t\t\t\t<div class=\"elementor-element elementor-element-9ace439 elementor-widget__width-initial elementor-widget elementor-widget-image\" data-id=\"9ace439\" data-element_type=\"widget\" data-widget_type=\"image.default\">\n\t\t\t\t<div class=\"elementor-widget-container\">\n\t\t\t\t\t\t\t\t\t\t\t\t\t\t\t<img loading=\"lazy\" decoding=\"async\" width=\"262\" height=\"317\" src=\"https:\/\/premiumgasdf.com.br\/wp-content\/uploads\/2023\/09\/Gas5kg-copy.webp\" class=\"attachment-large size-large wp-image-32\" alt=\"\" srcset=\"https:\/\/premiumgasdf.com.br\/wp-content\/uploads\/2023\/09\/Gas5kg-copy.webp 262w, https:\/\/premiumgasdf.com.br\/wp-content\/uploads\/2023\/09\/Gas5kg-copy-248x300.webp 248w\" sizes=\"auto, (max-width: 262px) 100vw, 262px\" \/>\t\t\t\t\t\t\t\t\t\t\t\t\t\t\t<\/div>\n\t\t\t\t<\/div>\n\t\t\t\t<div class=\"elementor-element elementor-element-b259d81 elementor-widget__width-initial elementor-widget elementor-widget-image\" data-id=\"b259d81\" data-element_type=\"widget\" data-widget_type=\"image.default\">\n\t\t\t\t<div class=\"elementor-widget-container\">\n\t\t\t\t\t\t\t\t\t\t\t\t\t\t\t<img loading=\"lazy\" decoding=\"async\" width=\"262\" height=\"317\" src=\"https:\/\/premiumgasdf.com.br\/wp-content\/uploads\/2023\/09\/Gas20kg-copy.webp\" class=\"attachment-large size-large wp-image-34\" alt=\"\" srcset=\"https:\/\/premiumgasdf.com.br\/wp-content\/uploads\/2023\/09\/Gas20kg-copy.webp 262w, https:\/\/premiumgasdf.com.br\/wp-content\/uploads\/2023\/09\/Gas20kg-copy-248x300.webp 248w\" sizes=\"auto, (max-width: 262px) 100vw, 262px\" \/>\t\t\t\t\t\t\t\t\t\t\t\t\t\t\t<\/div>\n\t\t\t\t<\/div>\n\t\t\t\t<div class=\"elementor-element elementor-element-73989b2 elementor-widget__width-initial elementor-widget elementor-widget-image\" data-id=\"73989b2\" data-element_type=\"widget\" data-widget_type=\"image.default\">\n\t\t\t\t<div class=\"elementor-widget-container\">\n\t\t\t\t\t\t\t\t\t\t\t\t\t\t\t<img loading=\"lazy\" decoding=\"async\" width=\"262\" height=\"317\" src=\"https:\/\/premiumgasdf.com.br\/wp-content\/uploads\/2023\/09\/Gas45kg-copy.webp\" class=\"attachment-large size-large wp-image-35\" alt=\"\" srcset=\"https:\/\/premiumgasdf.com.br\/wp-content\/uploads\/2023\/09\/Gas45kg-copy.webp 262w, https:\/\/premiumgasdf.com.br\/wp-content\/uploads\/2023\/09\/Gas45kg-copy-248x300.webp 248w\" sizes=\"auto, (max-width: 262px) 100vw, 262px\" \/>\t\t\t\t\t\t\t\t\t\t\t\t\t\t\t<\/div>\n\t\t\t\t<\/div>\n\t\t\t\t<div class=\"elementor-element elementor-element-78288ed elementor-align-center elementor-widget__width-inherit elementor-widget elementor-widget-button\" data-id=\"78288ed\" data-element_type=\"widget\" data-widget_type=\"button.default\">\n\t\t\t\t<div class=\"elementor-widget-container\">\n\t\t\t\t\t<div class=\"elementor-button-wrapper\">\n\t\t\t<a class=\"elementor-button elementor-button-link elementor-size-sm\" href=\"https:\/\/wa.link\/09xlyv\">\n\t\t\t\t\t\t<span class=\"elementor-button-content-wrapper\">\n\t\t\t\t\t\t<span class=\"elementor-button-icon elementor-align-icon-left\">\n\t\t\t\t<i aria-hidden=\"true\" class=\"fab fa-whatsapp\"><\/i>\t\t\t<\/span>\n\t\t\t\t\t\t<span class=\"elementor-button-text\">Fa\u00e7a seu pedido<\/span>\n\t\t<\/span>\n\t\t\t\t\t<\/a>\n\t\t<\/div>\n\t\t\t\t<\/div>\n\t\t\t\t<\/div>\n\t\t\t\t\t<\/div>\n\t\t\t\t<\/div>\n\t\t<div class=\"elementor-element elementor-element-09fb597 e-flex e-con-boxed e-con\" data-id=\"09fb597\" data-element_type=\"container\" data-settings=\"{&quot;background_background&quot;:&quot;classic&quot;,&quot;content_width&quot;:&quot;boxed&quot;}\">\n\t\t\t\t\t<div class=\"e-con-inner\">\n\t\t\t\t<div class=\"elementor-element elementor-element-7034a97 elementor-widget elementor-widget-image\" data-id=\"7034a97\" data-element_type=\"widget\" data-widget_type=\"image.default\">\n\t\t\t\t<div class=\"elementor-widget-container\">\n\t\t\t\t\t\t\t\t\t\t\t\t\t\t\t<img loading=\"lazy\" decoding=\"async\" width=\"349\" height=\"69\" src=\"https:\/\/premiumgasdf.com.br\/wp-content\/uploads\/2023\/09\/LOGO-Final-copy.webp\" class=\"attachment-large size-large wp-image-37\" alt=\"\" srcset=\"https:\/\/premiumgasdf.com.br\/wp-content\/uploads\/2023\/09\/LOGO-Final-copy.webp 349w, https:\/\/premiumgasdf.com.br\/wp-content\/uploads\/2023\/09\/LOGO-Final-copy-300x59.webp 300w\" sizes=\"auto, (max-width: 349px) 100vw, 349px\" \/>\t\t\t\t\t\t\t\t\t\t\t\t\t\t\t<\/div>\n\t\t\t\t<\/div>\n\t\t\t\t<div class=\"elementor-element elementor-element-7fa0748 elementor-widget elementor-widget-text-editor\" data-id=\"7fa0748\" data-element_type=\"widget\" data-widget_type=\"text-editor.default\">\n\t\t\t\t<div class=\"elementor-widget-container\">\n\t\t\t<style>\/*! elementor - v3.15.0 - 20-08-2023 *\/\n.elementor-widget-text-editor.elementor-drop-cap-view-stacked .elementor-drop-cap{background-color:#69727d;color:#fff}.elementor-widget-text-editor.elementor-drop-cap-view-framed .elementor-drop-cap{color:#69727d;border:3px solid;background-color:transparent}.elementor-widget-text-editor:not(.elementor-drop-cap-view-default) .elementor-drop-cap{margin-top:8px}.elementor-widget-text-editor:not(.elementor-drop-cap-view-default) .elementor-drop-cap-letter{width:1em;height:1em}.elementor-widget-text-editor .elementor-drop-cap{float:left;text-align:center;line-height:1;font-size:50px}.elementor-widget-text-editor .elementor-drop-cap-letter{display:inline-block}<\/style>\t\t\t\t<p>Todos os direitos reservados para Premium G\u00e1s<\/p>\t\t\t\t\t\t<\/div>\n\t\t\t\t<\/div>\n\t\t\t\t\t<\/div>\n\t\t\t\t<\/div>\n\t\t\t\t\t\t\t<\/div>\n\t\t","protected":false},"excerpt":{"rendered":"<p>Fa\u00e7a seu pedido Localidades Fa\u00e7a seu pedido Produtos Fa\u00e7a seu pedido Todos os direitos reservados para Premium G\u00e1s<\/p>\n","protected":false},"author":1,"featured_media":0,"parent":0,"menu_order":0,"comment_status":"closed","ping_status":"open","template":"elementor_canvas","meta":{"_monsterinsights_skip_tracking":false,"_monsterinsights_sitenote_active":false,"_monsterinsights_sitenote_note":"","_monsterinsights_sitenote_category":0,"footnotes":""},"class_list":["post-2","page","type-page","status-publish","hentry"],"_links":{"self":[{"href":"https:\/\/premiumgasdf.com.br\/index.php\/wp-json\/wp\/v2\/pages\/2","targetHints":{"allow":["GET"]}}],"collection":[{"href":"https:\/\/premiumgasdf.com.br\/index.php\/wp-json\/wp\/v2\/pages"}],"about":[{"href":"https:\/\/premiumgasdf.com.br\/index.php\/wp-json\/wp\/v2\/types\/page"}],"author":[{"embeddable":true,"href":"https:\/\/premiumgasdf.com.br\/index.php\/wp-json\/wp\/v2\/users\/1"}],"replies":[{"embeddable":true,"href":"https:\/\/premiumgasdf.com.br\/index.php\/wp-json\/wp\/v2\/comments?post=2"}],"version-history":[{"count":34,"href":"https:\/\/premiumgasdf.com.br\/index.php\/wp-json\/wp\/v2\/pages\/2\/revisions"}],"predecessor-version":[{"id":100,"href":"https:\/\/premiumgasdf.com.br\/index.php\/wp-json\/wp\/v2\/pages\/2\/revisions\/100"}],"wp:attachment":[{"href":"https:\/\/premiumgasdf.com.br\/index.php\/wp-json\/wp\/v2\/media?parent=2"}],"curies":[{"name":"wp","href":"https:\/\/api.w.org\/{rel}","templated":true}]}}